{"id":3745,"date":"2025-06-08T14:59:14","date_gmt":"2025-06-08T12:59:14","guid":{"rendered":"https:\/\/www.maximus-resort.cz\/preisliste\/"},"modified":"2025-10-21T10:36:51","modified_gmt":"2025-10-21T08:36:51","slug":"preisliste","status":"publish","type":"page","link":"https:\/\/www.maximus-resort.cz\/de\/wellness\/preisliste\/","title":{"rendered":"Preisliste"},"content":{"rendered":"<h3>INFINIT CARD<\/h3>\n<div class=\"table-wrapper\"><table class=\"table table-bordered\">\n<tbody>\n<tr>\n<td><\/td>\n<td>\n<p class=\"center\"><strong>90 Min<\/strong><\/p>\n<\/td>\n<td class=\"center\"><strong>120 Min<\/strong><\/td>\n<td class=\"center\"><strong>180 Min<\/strong><\/td>\n<td class=\"center\"><strong>extra Minute<\/strong><\/td>\n<\/tr>\n<tr>\n<td><strong>Mo-Fr<\/strong><br \/>\n10:00-15:00<\/td>\n<td>\n<p class=\"center\">540 CZK<\/p>\n<\/td>\n<td>\n<p class=\"center\">590 CZK<\/p>\n<\/td>\n<td>\n<p class=\"center\">690 CZK<\/p>\n<\/td>\n<td class=\"center\">6 CZK<\/td>\n<\/tr>\n<tr>\n<td><strong>Mo-Do<\/strong><br \/>\n15:00-22:00<\/td>\n<td>\n<p class=\"center\">560 CZK<\/p>\n<\/td>\n<td>\n<p class=\"center\">630 CZK<\/p>\n<\/td>\n<td>\n<p class=\"center\">720 CZK<\/p>\n<\/td>\n<td class=\"center\">6 CZK<\/td>\n<\/tr>\n<tr>\n<td><strong>Fr<\/strong><br \/>\n15:00-22:00<br \/>\n<strong>Sa-So, Feiertage<\/strong><\/td>\n<td>\n<p class=\"center\">660 CZK<\/p>\n<\/td>\n<td>\n<p class=\"center\">760 CZK<\/p>\n<\/td>\n<td>\n<p class=\"center\">870 CZK<\/p>\n<\/td>\n<td class=\"center\">6 CZK<\/td>\n<\/tr>\n<\/tbody>\n<\/table><\/div>\n<h3>Grundeintritt<\/h3>\n<div class=\"table-wrapper\"><table class=\"table table-bordered\" style=\"width: 34.0533%;\">\n<tbody>\n<tr>\n<td style=\"width: 29.1489%;\"><\/td>\n<td style=\"width: 15.1064%;\">\n<p class=\"center\"><strong>90 Min<\/strong><\/p>\n<\/td>\n<td class=\"center\" style=\"width: 16.1702%;\"><strong>120 Min<\/strong><\/td>\n<td class=\"center\" style=\"width: 14.6809%;\"><strong>180 Min<\/strong><\/td>\n<td class=\"center\" style=\"width: 21.4894%;\"><strong>extra Minute<\/strong><\/td>\n<\/tr>\n<tr>\n<td style=\"width: 29.1489%;\"><strong>Mo-Fr<\/strong><br \/>\n10:00-15:00<\/td>\n<td style=\"width: 15.1064%;\">\n<p class=\"center\">590 CZK<\/p>\n<\/td>\n<td style=\"width: 16.1702%;\">\n<p class=\"center\">650 CZK<\/p>\n<\/td>\n<td style=\"width: 14.6809%;\">\n<p class=\"center\">760 CZK<\/p>\n<\/td>\n<td class=\"center\" style=\"width: 21.4894%;\">6 CZK<\/td>\n<\/tr>\n<tr>\n<td style=\"width: 29.1489%;\"><strong>Mo-Do<\/strong><br \/>\n15:00-22:00<\/td>\n<td style=\"width: 15.1064%;\">\n<p class=\"center\">620 CZK<\/p>\n<\/td>\n<td style=\"width: 16.1702%;\">\n<p class=\"center\">690 CZK<\/p>\n<\/td>\n<td style=\"width: 14.6809%;\">\n<p class=\"center\">790 CZK<\/p>\n<\/td>\n<td class=\"center\" style=\"width: 21.4894%;\">6 CZK<\/td>\n<\/tr>\n<tr>\n<td style=\"width: 29.1489%;\"><strong>Fr<\/strong><br \/>\n15:00-22:00<br \/>\n<strong>Sa-So, Feiertage<\/strong><\/td>\n<td style=\"width: 15.1064%;\">\n<p class=\"center\">720 CZK<\/p>\n<\/td>\n<td style=\"width: 16.1702%;\">\n<p class=\"center\">830 CZK<\/p>\n<\/td>\n<td style=\"width: 14.6809%;\">\n<p class=\"center\">950 CZK<\/p>\n<\/td>\n<td class=\"center\" style=\"width: 21.4894%;\">6 CZK<\/td>\n<\/tr>\n<\/tbody>\n<\/table><\/div>\n<h3>Erm\u00e4\u00dfigter Eintritt (Studenten, Senioren und Behinderte)<\/h3>\n<div class=\"table-wrapper\"><table class=\"table table-bordered\">\n<tbody>\n<tr>\n<td><b>\u00a0<\/b><\/td>\n<td>\n<p class=\"center\"><strong>90 Min<\/strong><\/p>\n<\/td>\n<td class=\"center\"><strong>120 Min<\/strong><\/td>\n<td class=\"center\"><strong>180 Min<\/strong><\/td>\n<td class=\"center\"><strong>extra Minute<\/strong><\/td>\n<\/tr>\n<tr>\n<td><strong>Mo-Fr*<\/strong><br \/>\n10:00-15:00<\/td>\n<td>\n<p class=\"center\">420 CZK<\/p>\n<\/td>\n<td>\n<p class=\"center\">470 CZK<\/p>\n<\/td>\n<td>\n<p class=\"center\">570 CZK<\/p>\n<\/td>\n<td class=\"center\">6 CZK<\/td>\n<\/tr>\n<\/tbody>\n<\/table><\/div>\n<p><em>*Senioreneintritte k\u00f6nnen gegen Vorlage eines g\u00fcltigen Personalausweises oder eines Seniorenpasses beantragt werden<\/em><\/p>\n<ul>\n<li>Der Eintritt in den ganzen Bereich der Thermalbecken und der Saunawelt gilt f\u00fcr Erwachsene und Personen mit einer K\u00f6rpergr\u00f6\u00dfe von mehr als 145 cm (wegen der Tiefe der einzelnen Becken und deren technischer Anpassung).<\/li>\n<li>Alle Eintritte beinhalten freie Zeit in der Umkleidekabine<\/li>\n<li>Im Preis aller Leistungen ist die Miete von ein Handtuch und ein Laken enthalten. Wenn sie f\u00fcr 180 Minuten kommen, ist der Austausch eines Lakens kostenlos.<\/li>\n<li>Wenn sie die Thermalbecken und die Saunawelt besuchen, ohne unsere Laken zu mieten, ist der Eintrittspreis 20 CZK g\u00fcnstiger.<\/li>\n<li>Die zus\u00e4tzliche Zeit, die sie in den Thermalbecken und der Saunawelt verbringen, wird nach Minuten gez\u00e4hlt (sie zahlen nicht f\u00fcr die volle Stunde).<\/li>\n<li>Der Eintritt in die Thermalbecken und die Saunawelt erfolgt ohne vorherige Reservierung \u2013 der Bereich ist \u00f6ffentlich.<\/li>\n<\/ul>\n<h3>Privater Whirlpool f\u00fcr zwei Personen<\/h3>\n<div class=\"table-wrapper\"><table class=\"table table-bordered\">\n<tbody>\n<tr>\n<td><\/td>\n<td class=\"center\"><strong>IK<\/strong><\/td>\n<td class=\"center\"><strong>Preis<\/strong><\/td>\n<\/tr>\n<tr>\n<td><strong>20 min<\/strong><\/td>\n<td class=\"center\">755 CZK<\/td>\n<td class=\"center\">790 CZK<\/td>\n<\/tr>\n<tr>\n<td><strong>50 min<\/strong><\/td>\n<td class=\"center\">1080 CZK<\/td>\n<td class=\"center\">1115 CZK<\/td>\n<\/tr>\n<tr>\n<td><strong>+ 30 min<\/strong><\/td>\n<td class=\"center\">525 CZK<\/td>\n<td class=\"center\">560 CZK<\/td>\n<\/tr>\n<tr>\n<td><strong>+ dritte Person<\/strong><\/td>\n<td class=\"center\">295 CZK<\/td>\n<td class=\"center\">295 CZKs<\/td>\n<\/tr>\n<\/tbody>\n<\/table><\/div>\n<p>Wellness-Behandlungen k\u00f6nnen unter der Telefonnummer <a href=\"tel:+420546213264\">+420 546 213 264<\/a>\u00a0gebucht werden.<\/p>\n<a class=\"btn btn-primary\" href=\"https:\/\/maximus.infinit.cz\/cenik\" target=\"_blank\">Komplette Preisliste ansehen<\/a>\n","protected":false},"excerpt":{"rendered":"<p>INFINIT CARD 90 Min 120 Min 180 Min extra Minute Mo-Fr 10:00-15:00 540 CZK 590 CZK 690 CZK 6 CZK Mo-Do 15:00-22:00 560 CZK 630 CZK 720 CZK 6 CZK Fr 15:00-22:00 Sa-So, Feiertage 660 CZK 760 CZK 870 CZK 6 CZK Grundeintritt 90 Min 120 Min 180 Min extra Minute Mo-Fr 10:00-15:00 590 CZK [&hellip;]<\/p>\n","protected":false},"author":1,"featured_media":0,"parent":3766,"menu_order":38,"comment_status":"closed","ping_status":"closed","template":"","meta":{"_acf_changed":false,"inline_featured_image":false,"footnotes":""},"class_list":["post-3745","page","type-page","status-publish","hentry"],"acf":[],"aioseo_notices":[],"_links":{"self":[{"href":"https:\/\/www.maximus-resort.cz\/de\/wp-json\/wp\/v2\/pages\/3745","targetHints":{"allow":["GET"]}}],"collection":[{"href":"https:\/\/www.maximus-resort.cz\/de\/wp-json\/wp\/v2\/pages"}],"about":[{"href":"https:\/\/www.maximus-resort.cz\/de\/wp-json\/wp\/v2\/types\/page"}],"author":[{"embeddable":true,"href":"https:\/\/www.maximus-resort.cz\/de\/wp-json\/wp\/v2\/users\/1"}],"replies":[{"embeddable":true,"href":"https:\/\/www.maximus-resort.cz\/de\/wp-json\/wp\/v2\/comments?post=3745"}],"version-history":[{"count":4,"href":"https:\/\/www.maximus-resort.cz\/de\/wp-json\/wp\/v2\/pages\/3745\/revisions"}],"predecessor-version":[{"id":4198,"href":"https:\/\/www.maximus-resort.cz\/de\/wp-json\/wp\/v2\/pages\/3745\/revisions\/4198"}],"up":[{"embeddable":true,"href":"https:\/\/www.maximus-resort.cz\/de\/wp-json\/wp\/v2\/pages\/3766"}],"wp:attachment":[{"href":"https:\/\/www.maximus-resort.cz\/de\/wp-json\/wp\/v2\/media?parent=3745"}],"curies":[{"name":"wp","href":"https:\/\/api.w.org\/{rel}","templated":true}]}}