{"id":3751,"date":"2024-03-17T12:57:48","date_gmt":"2024-03-17T11:57:48","guid":{"rendered":"https:\/\/www.maximus-resort.cz\/kontakt\/"},"modified":"2026-01-09T10:27:57","modified_gmt":"2026-01-09T09:27:57","slug":"kontakt","status":"publish","type":"page","link":"https:\/\/www.maximus-resort.cz\/de\/kontakt\/","title":{"rendered":"Kontakt"},"content":{"rendered":"<div class=\"subtitle topdot\">Wen k\u00f6nnen sie kontaktieren?<\/div>\n<h3>Reservierung<\/h3>\n<p>Tel.: <a href=\"tel:+420546221035\">+420 546 221 035<\/a><br \/>\nE-mail: <a href=\"mailto:rezervace@maximus-resort.cz\">rezervace@maximus-resort.cz<\/a><\/p>\n<h3>Rezeption<\/h3>\n<p>Tel.: <a href=\"tel:+420605292272\">+420 605 292 272<\/a><br \/>\nTel.: <a href=\"tel:+420546221035\">+420 546 221 035<\/a><br \/>\nE-Mail: <a href=\"mailto:recepce@maximus-resort.cz\">recepce@maximus-resort.cz<\/a><\/p>\n<h3>Verkaufsabteilung<\/h3>\n<p><strong>Helena \u0160imko Roobov\u00e1\u00a0<\/strong><br \/>\nVerkaufsleiterin<br \/>\nTel.: <a href=\"tel:+420605237103\">+420 605 237 103<\/a><br \/>\nE-Mail: <a href=\"mailto:sales@maximus.cz\">sales@maximus.cz<\/a><\/p>\n<p><strong>Andrea Fadrn\u00e1<\/strong><br \/>\nSales Manager<br \/>\nTel.: <a href=\"tel:+420603896599\">+420 603 896 599<\/a><br \/>\nE-Mail: <a href=\"mailto:fardna@maximus-resort.cz\">fardna@maximus-resort.cz<\/a><\/p>\n<p><strong>Luk\u00e1\u0161 Samek<\/strong><br \/>\nBusiness Development Manager<br \/>\nTel.: <a href=\"tel:+420737290495\">+420 737 290 495<\/a><br \/>\nE-mail: <a href=\"mailto:samek@maximus-resort.cz\">samek@maximus-resort.cz<\/a><\/p>\n<h3>Hochzeiten und Feiern<\/h3>\n<p><strong>Lucie Klodvikov\u00e1<br \/>\n<\/strong>Wedding &amp; Banquet Coordinator<br \/>\nTel.: <a href=\"tel:+420734170050\">+420 734 170 050<\/a><br \/>\nE-Mail: <a href=\"mailto:svatby@maximus-resort.cz\">svatby@maximus-resort.cz<\/a><\/p>\n<h3>Hotelmanagement<\/h3>\n<p><strong>Marek Bou\u0161ka<br \/>\n<\/strong>General Manager<br \/>\nTel.: <a href=\"tel:+420603161026\">+420 603 161 026<\/a><br \/>\nE-mail: <a href=\"mailto:bouska@maximus-resort.cz\">bouska@maximus-resort.cz<\/a><\/p>\n<h3>Marketing<\/h3>\n<p><strong>Kate\u0159ina Mrnu\u0161t\u00edkov\u00e1<\/strong><br \/>\nMarketing Manager<br \/>\nE-Mail: <a href=\"mailto:marketing@maximus-resort.cz\">marketing@maximus-resort.cz<\/a><\/p>\n<h3>Andere Kontakte<\/h3>\n<p><strong>Restaurants\u00a0<\/strong><br \/>\nTel.: <a href=\"tel:+420603459172\">+420 603 459 172<\/a><br \/>\nE-Mail: <a href=\"mailto:restaurace@maximus-resort.cz\">restaurace@maximus-resort.cz<\/a><\/p>\n<p><strong>Wellness Infinit Maximus\u00a0<\/strong><br \/>\nTel.: <a href=\"tel:+420546213264\">+420 546 213 264<\/a><br \/>\nE-mail: <a href=\"mailto:maximus@infinit.cz\">maximus@infinit.cz<\/a><\/p>\n<p><strong>Bowling\u00a0<\/strong><br \/>\nTel.: <a href=\"tel:+420605292272\">+420 605 292 272<\/a><br \/>\nE-Mail: <a href=\"mailto:restaurace@maximus-resort.cz\">restaurace@maximus-resort.cz<\/a><\/p>\n<p><strong>Boutique Salon Maximus\u00a0<\/strong><br \/>\nTel.: <a href=\"tel:+420702830774\">+420 702 830 774<\/a><br \/>\nE-Mail: <a href=\"mailto:info@boutique-salon-maximus.cz\">info@boutique-salon-maximus.cz<\/a><\/p>\n<p><strong>Maximus Resort, a.s.\u00a0<\/strong><br \/>\nHr\u00e1zn\u00ed 327\/4a, 635 00 Brno<br \/>\nI\u010cO: 26965437<br \/>\nDI\u010c: CZ269654370<\/p>\n<p>Die Gesellschaft ist im Handelsregister beim Kreisgericht in Brno, Abteilung B, Einlage 4332 eingetragen.<\/p>\n","protected":false},"excerpt":{"rendered":"<p>Reservierung Tel.: +420 546 221 035 E-mail: rezervace@maximus-resort.cz Rezeption Tel.: +420 605 292 272 Tel.: +420 546 221 035 E-Mail: recepce@maximus-resort.cz Verkaufsabteilung Helena \u0160imko Roobov\u00e1\u00a0 Verkaufsleiterin Tel.: +420 605 237 103 E-Mail: sales@maximus.cz Andrea Fadrn\u00e1 Sales Manager Tel.: +420 603 896 599 E-Mail: fardna@maximus-resort.cz Luk\u00e1\u0161 Samek Business Development Manager Tel.: +420 737 290 495 E-mail: [&hellip;]<\/p>\n","protected":false},"author":1,"featured_media":0,"parent":0,"menu_order":70,"comment_status":"closed","ping_status":"closed","template":"page-kontakty.php","meta":{"_acf_changed":false,"inline_featured_image":false,"footnotes":""},"class_list":["post-3751","page","type-page","status-publish","hentry"],"acf":[],"aioseo_notices":[],"_links":{"self":[{"href":"https:\/\/www.maximus-resort.cz\/de\/wp-json\/wp\/v2\/pages\/3751","targetHints":{"allow":["GET"]}}],"collection":[{"href":"https:\/\/www.maximus-resort.cz\/de\/wp-json\/wp\/v2\/pages"}],"about":[{"href":"https:\/\/www.maximus-resort.cz\/de\/wp-json\/wp\/v2\/types\/page"}],"author":[{"embeddable":true,"href":"https:\/\/www.maximus-resort.cz\/de\/wp-json\/wp\/v2\/users\/1"}],"replies":[{"embeddable":true,"href":"https:\/\/www.maximus-resort.cz\/de\/wp-json\/wp\/v2\/comments?post=3751"}],"version-history":[{"count":6,"href":"https:\/\/www.maximus-resort.cz\/de\/wp-json\/wp\/v2\/pages\/3751\/revisions"}],"predecessor-version":[{"id":4709,"href":"https:\/\/www.maximus-resort.cz\/de\/wp-json\/wp\/v2\/pages\/3751\/revisions\/4709"}],"wp:attachment":[{"href":"https:\/\/www.maximus-resort.cz\/de\/wp-json\/wp\/v2\/media?parent=3751"}],"curies":[{"name":"wp","href":"https:\/\/api.w.org\/{rel}","templated":true}]}}