{"id":3760,"date":"2025-05-27T13:47:48","date_gmt":"2025-05-27T11:47:48","guid":{"rendered":"https:\/\/www.maximus-resort.cz\/das-restaurant\/online-tisch-reservierung\/"},"modified":"2026-02-25T13:52:44","modified_gmt":"2026-02-25T12:52:44","slug":"online-tisch-reservierung","status":"publish","type":"page","link":"https:\/\/www.maximus-resort.cz\/de\/das-restaurant\/online-tisch-reservierung\/","title":{"rendered":"Online Tisch-Reservierung"},"content":{"rendered":"<p>In unserem Resort hei\u00dfen wir sie gerne in unseren Restaurants Portum und Maximus willkommen. F\u00fcr ihren hohen Komfort empfehlen wir ihnen, einen Tisch im Voraus zu reservieren. Sie k\u00f6nnen ihre Reservierung auf verschiedene Weise vornehmen: telefonisch unter <a href=\"tel:+420603459172\">+420 603 459 172<\/a>, per E-Mail unter <a href=\"mailto:restaurace@maximus-resort.cz\">restaurace@maximus-resort.cz<\/a> oder einfach \u00fcber das unten stehende Online-Formular. Wir freuen uns auf ihren Besuch und w\u00fcnschen ihnen einen guten Appetit!<\/p>\n<p><script type=\"text\/javascript\" src=\"https:\/\/s3.eu-central-1.amazonaws.com\/bookiopro\/assets\/bookio.widget.js\"><\/script><br \/>\n<iframe id=\"bookio-iframe\" src=\"https:\/\/www.bookiopro.com\/maximus-resort\/rs-widget?lang=de&#038;c1=79d9c3&#038;c2=fbf5f0&#038;c3=453a3a\" frameborder=\"0\" width=\"100%\" onload=\"initBookioWidget()\" scrolling=\"no\"><\/iframe><\/p>\n","protected":false},"excerpt":{"rendered":"<p>In unserem Resort hei\u00dfen wir sie gerne in unseren Restaurants Portum und Maximus willkommen. F\u00fcr ihren hohen Komfort empfehlen wir ihnen, einen Tisch im Voraus zu reservieren. Sie k\u00f6nnen ihre Reservierung auf verschiedene Weise vornehmen: telefonisch unter +420 603 459 172, per E-Mail unter restaurace@maximus-resort.cz oder einfach \u00fcber das unten stehende Online-Formular. Wir freuen uns [&hellip;]<\/p>\n","protected":false},"author":1,"featured_media":0,"parent":3759,"menu_order":31,"comment_status":"closed","ping_status":"closed","template":"","meta":{"_acf_changed":false,"inline_featured_image":false,"footnotes":""},"class_list":["post-3760","page","type-page","status-publish","hentry"],"acf":[],"aioseo_notices":[],"_links":{"self":[{"href":"https:\/\/www.maximus-resort.cz\/de\/wp-json\/wp\/v2\/pages\/3760","targetHints":{"allow":["GET"]}}],"collection":[{"href":"https:\/\/www.maximus-resort.cz\/de\/wp-json\/wp\/v2\/pages"}],"about":[{"href":"https:\/\/www.maximus-resort.cz\/de\/wp-json\/wp\/v2\/types\/page"}],"author":[{"embeddable":true,"href":"https:\/\/www.maximus-resort.cz\/de\/wp-json\/wp\/v2\/users\/1"}],"replies":[{"embeddable":true,"href":"https:\/\/www.maximus-resort.cz\/de\/wp-json\/wp\/v2\/comments?post=3760"}],"version-history":[{"count":2,"href":"https:\/\/www.maximus-resort.cz\/de\/wp-json\/wp\/v2\/pages\/3760\/revisions"}],"predecessor-version":[{"id":4823,"href":"https:\/\/www.maximus-resort.cz\/de\/wp-json\/wp\/v2\/pages\/3760\/revisions\/4823"}],"up":[{"embeddable":true,"href":"https:\/\/www.maximus-resort.cz\/de\/wp-json\/wp\/v2\/pages\/3759"}],"wp:attachment":[{"href":"https:\/\/www.maximus-resort.cz\/de\/wp-json\/wp\/v2\/media?parent=3760"}],"curies":[{"name":"wp","href":"https:\/\/api.w.org\/{rel}","templated":true}]}}