{"id":4103,"date":"2025-08-31T17:04:54","date_gmt":"2025-08-31T15:04:54","guid":{"rendered":"https:\/\/www.maximus-resort.cz\/das-restaurant\/snidane\/"},"modified":"2025-10-22T07:50:49","modified_gmt":"2025-10-22T05:50:49","slug":"fruhstucksmenu","status":"publish","type":"page","link":"https:\/\/www.maximus-resort.cz\/de\/fruhstucksmenu\/","title":{"rendered":"Fr\u00fchst\u00fccksmen\u00fc"},"content":{"rendered":"<p>Sehr geehrte G\u00e4ste,<br \/>\nfalls Sie Ihr Fr\u00fchst\u00fcck direkt aufs Zimmer serviert bekommen m\u00f6chten, bieten wir Ihnen eine Auswahl aus folgendem Angebot an.\u00a0<strong>Das Fr\u00fchst\u00fcck wird von 7 bis 10 Uhr serviert. Bitte bestellen Sie das Fr\u00fchst\u00fcck bis sp\u00e4testens 24:00 Uhr.<\/strong><\/p>\n<p>Bitte geben Sie Ihre\u00a0<strong>Zimmernummer<\/strong>, die\u00a0<strong>Anzahl der Personen<\/strong>\u00a0und die\u00a0<strong>gew\u00fcnschte Zeit<\/strong>\u00a0an, zu der das Fr\u00fchst\u00fcck serviert werden soll. W\u00e4hlen Sie in den n\u00e4chsten Schritten Ihre bevorzugten Fr\u00fchst\u00fccksarten und Getr\u00e4nke.<\/p>\n<p>Der Preis f\u00fcr das servierte Fr\u00fchst\u00fcck ist\u00a0<strong>200 CZK pro Person<\/strong>.<\/p>\n<form action=\"https:\/\/www.maximus-resort.cz\/de\/wp-json\/ws-form\/v1\/submit\" class=\"wsf-form wsf-form-canvas\" id=\"ws-form-1\" data-id=\"26\" method=\"POST\" data-instance-id=\"1\" data-wsf-style-id=\"1\"><\/form>\n","protected":false},"excerpt":{"rendered":"<p>Sehr geehrte G\u00e4ste, falls Sie Ihr Fr\u00fchst\u00fcck direkt aufs Zimmer serviert bekommen m\u00f6chten, bieten wir Ihnen eine Auswahl aus folgendem Angebot an.\u00a0Das Fr\u00fchst\u00fcck wird von 7 bis 10 Uhr serviert. Bitte bestellen Sie das Fr\u00fchst\u00fcck bis sp\u00e4testens 24:00 Uhr. Bitte geben Sie Ihre\u00a0Zimmernummer, die\u00a0Anzahl der Personen\u00a0und die\u00a0gew\u00fcnschte Zeit\u00a0an, zu der das Fr\u00fchst\u00fcck serviert werden soll. [&hellip;]<\/p>\n","protected":false},"author":1,"featured_media":0,"parent":0,"menu_order":95,"comment_status":"closed","ping_status":"closed","template":"","meta":{"_acf_changed":false,"inline_featured_image":false,"footnotes":""},"class_list":["post-4103","page","type-page","status-publish","hentry"],"acf":[],"aioseo_notices":[],"_links":{"self":[{"href":"https:\/\/www.maximus-resort.cz\/de\/wp-json\/wp\/v2\/pages\/4103","targetHints":{"allow":["GET"]}}],"collection":[{"href":"https:\/\/www.maximus-resort.cz\/de\/wp-json\/wp\/v2\/pages"}],"about":[{"href":"https:\/\/www.maximus-resort.cz\/de\/wp-json\/wp\/v2\/types\/page"}],"author":[{"embeddable":true,"href":"https:\/\/www.maximus-resort.cz\/de\/wp-json\/wp\/v2\/users\/1"}],"replies":[{"embeddable":true,"href":"https:\/\/www.maximus-resort.cz\/de\/wp-json\/wp\/v2\/comments?post=4103"}],"version-history":[{"count":1,"href":"https:\/\/www.maximus-resort.cz\/de\/wp-json\/wp\/v2\/pages\/4103\/revisions"}],"predecessor-version":[{"id":4104,"href":"https:\/\/www.maximus-resort.cz\/de\/wp-json\/wp\/v2\/pages\/4103\/revisions\/4104"}],"wp:attachment":[{"href":"https:\/\/www.maximus-resort.cz\/de\/wp-json\/wp\/v2\/media?parent=4103"}],"curies":[{"name":"wp","href":"https:\/\/api.w.org\/{rel}","templated":true}]}}