{"id":4119,"date":"2025-09-21T13:02:53","date_gmt":"2025-09-21T11:02:53","guid":{"rendered":"https:\/\/www.maximus-resort.cz\/dotaznik-spokojenosti\/"},"modified":"2025-09-21T13:14:50","modified_gmt":"2025-09-21T11:14:50","slug":"zufriedenheitsfragebogen","status":"publish","type":"page","link":"https:\/\/www.maximus-resort.cz\/de\/zufriedenheitsfragebogen\/","title":{"rendered":"Zufriedenheitsfragebogen"},"content":{"rendered":"<div class=\"questionnaire-lang-switch\"><a href=\"https:\/\/www.maximus-resort.cz\/de\/zufriedenheitsfragebogen\/\"><img decoding=\"async\" class=\"alignnone\" src=\"https:\/\/www.maximus-resort.cz\/wp-content\/uploads\/2025\/09\/60c94ef5-02e6-4ef3-a963-1a4a401be73f.svg\" alt=\"flag-cz\" \/><\/a><a href=\"https:\/\/www.maximus-resort.cz\/de\/zufriedenheitsfragebogen\/\"><img decoding=\"async\" class=\"alignnone\" src=\"https:\/\/www.maximus-resort.cz\/wp-content\/uploads\/2025\/09\/9092f4d9-57ce-4ad2-9a30-9558661b71b5.svg\" alt=\"flag-en\" \/><\/a><\/div>\n<h3 style=\"text-align: center;\">Wir freuen uns, dass Sie an der Verbesserung unserer Dienstleistungen interessiert sind.<\/h3>\n<p style=\"text-align: center;\">Es gibt immer Raum f\u00fcr Verbesserungen. Bitte f\u00fcllen Sie diesen Fragebogen aus, um einen umfassenden \u00dcberblick \u00fcber Ihre Zufriedenheit mit dem Hotelfr\u00fchst\u00fcck zu erhalten.<\/p>\n<p style=\"text-align: center;\"><form action=\"https:\/\/www.maximus-resort.cz\/de\/wp-json\/ws-form\/v1\/submit\" class=\"wsf-form wsf-form-canvas\" id=\"ws-form-1\" data-id=\"29\" method=\"POST\" data-instance-id=\"1\" data-wsf-style-id=\"1\"><\/form><\/p>\n","protected":false},"excerpt":{"rendered":"<p>Wir freuen uns, dass Sie an der Verbesserung unserer Dienstleistungen interessiert sind. Es gibt immer Raum f\u00fcr Verbesserungen. Bitte f\u00fcllen Sie diesen Fragebogen aus, um einen umfassenden \u00dcberblick \u00fcber Ihre Zufriedenheit mit dem Hotelfr\u00fchst\u00fcck zu erhalten.<\/p>\n","protected":false},"author":1,"featured_media":0,"parent":0,"menu_order":98,"comment_status":"closed","ping_status":"closed","template":"","meta":{"_acf_changed":false,"inline_featured_image":false,"footnotes":""},"class_list":["post-4119","page","type-page","status-publish","hentry"],"acf":[],"aioseo_notices":[],"_links":{"self":[{"href":"https:\/\/www.maximus-resort.cz\/de\/wp-json\/wp\/v2\/pages\/4119","targetHints":{"allow":["GET"]}}],"collection":[{"href":"https:\/\/www.maximus-resort.cz\/de\/wp-json\/wp\/v2\/pages"}],"about":[{"href":"https:\/\/www.maximus-resort.cz\/de\/wp-json\/wp\/v2\/types\/page"}],"author":[{"embeddable":true,"href":"https:\/\/www.maximus-resort.cz\/de\/wp-json\/wp\/v2\/users\/1"}],"replies":[{"embeddable":true,"href":"https:\/\/www.maximus-resort.cz\/de\/wp-json\/wp\/v2\/comments?post=4119"}],"version-history":[{"count":2,"href":"https:\/\/www.maximus-resort.cz\/de\/wp-json\/wp\/v2\/pages\/4119\/revisions"}],"predecessor-version":[{"id":4126,"href":"https:\/\/www.maximus-resort.cz\/de\/wp-json\/wp\/v2\/pages\/4119\/revisions\/4126"}],"wp:attachment":[{"href":"https:\/\/www.maximus-resort.cz\/de\/wp-json\/wp\/v2\/media?parent=4119"}],"curies":[{"name":"wp","href":"https:\/\/api.w.org\/{rel}","templated":true}]}}