{"id":4315,"date":"2024-03-17T13:07:56","date_gmt":"2024-03-17T12:07:56","guid":{"rendered":"https:\/\/www.maximus-resort.cz\/cookies\/"},"modified":"2025-10-21T14:47:41","modified_gmt":"2025-10-21T12:47:41","slug":"cookies","status":"publish","type":"page","link":"https:\/\/www.maximus-resort.cz\/de\/cookies\/","title":{"rendered":"Cookies"},"content":{"rendered":"<h3>Wer sind wir?<\/h3>\n<p>Wir sind Maximus Resort, a.s., Firmen-ID: 269 65 437, mit Sitz in Hr\u00e1zn\u00ed 327\/4a, Kn\u00edni\u010dky, 635 00 Brno, eingetragen im Handelsregister beim Regionalgericht in Br\u00fcnn, Abteilung B, Einlage 4332.<\/p>\n<p><strong>Unsere Kontaktdaten:<\/strong><\/p>\n<p>E-Mail: <a href=\"mailto:recepce@maximus-resort.cz\" target=\"_blank\" rel=\"noopener\">recepce@maximus-resort.cz<\/a><\/p>\n<p>Auf unserer Website <a href=\"https:\/\/maximus-resort.cz\/de\" target=\"_blank\" rel=\"noopener\">www.maximus-resort.cz<\/a> verwenden wir Cookies.<\/p>\n<h3>Was sind Cookies?<\/h3>\n<p>Cookies sind Textdateien, die unsere Website an Ihren Webbrowser bzw. an Ihr Ger\u00e4t (z. B. Computer, Telefon oder Tablet) sendet, mit dem Sie unsere Website besuchen.<\/p>\n<p>Sie erm\u00f6glichen es uns, Sie wiederzuerkennen und unsere Website entsprechend anzupassen. Au\u00dferdem helfen sie uns, den Website-Traffic zu analysieren.<\/p>\n<h3>Welche Arten von Cookies verwenden wir?<\/h3>\n<ul>\n<li>Technische (funktionale) Cookies sind notwendig, damit unsere Website korrekt angezeigt wird und ordnungsgem\u00e4\u00df funktioniert.<\/li>\n<li>Statistische Cookies helfen uns zu analysieren, wie unsere Website genutzt wird und wie sich die Benutzer verhalten, damit wir sie kontinuierlich verbessern k\u00f6nnen.<\/li>\n<li>Marketing-Cookies erm\u00f6glichen es uns, Inhalte basierend auf den zuvor besuchten Seiten anzupassen. Sie dienen auch dazu, die Wirksamkeit von Werbekampagnen zu messen.<\/li>\n<\/ul>\n<h3>Auf welcher Grundlage verarbeiten wir Cookies?<\/h3>\n<p>Technische (funktionale) Cookies d\u00fcrfen wir auf Grundlage gesetzlicher Vorschriften verarbeiten, da unsere Website ohne sie nicht korrekt funktionieren w\u00fcrde.<\/p>\n<p>Statistische und Marketing-Cookies verarbeiten wir nur mit Ihrer Zustimmung \u2013 diese ist selbstverst\u00e4ndlich freiwillig. \ud83d\ude42<\/p>\n<p>Die Dauer der Speicherung von Cookies finden Sie in der nachstehenden Tabelle.<\/p>\n<h3>Wie k\u00f6nnen Sie die Verwendung von Cookies verhindern?<\/h3>\n<p>Sie k\u00f6nnen Ihre zuvor erteilte Zustimmung zur Verwendung von Cookies \u00fcber folgende Schalter \u00e4ndern:<\/p>\n<p>[cmplz-manage-consent]<\/p>\n<p>Die Verwendung aller Cookies k\u00f6nnen Sie auch in den Einstellungen Ihres Browsers deaktivieren. Bitte beachten Sie, dass diese Einstellung auf jedem Ger\u00e4t (Computer, Telefon, Tablet) separat vorgenommen werden muss.<\/p>\n<p>Alternativ k\u00f6nnen Sie unsere Website im Inkognitomodus Ihres Browsers besuchen.<\/p>\n<h3>Wer verarbeitet Cookies f\u00fcr uns?<\/h3>\n<p>Cookies werden verarbeitet vom Anbieter Google Analytics, ReCAPTCHA und Google Maps,<\/p>\n<p>Google Ireland Ltd., mit Sitz im Google Building Gordon House, 4 Barrow St, Dublin, D04 E5W5, Irland \u2013 gem\u00e4\u00df deren Nutzungsbedingungen.<\/p>\n<h3>Schlussbestimmungen<\/h3>\n<p>Die Verarbeitung personenbezogener Daten erfolgt innerhalb der Europ\u00e4ischen Union.<\/p>\n<p>Falls eine Verarbeitung au\u00dferhalb der EU stattfindet, geschieht dies auf Grundlage der entsprechenden gesetzlichen Vorschriften (von der EU genehmigte Ausnahmen oder nach Erf\u00fcllung zus\u00e4tzlicher Datenschutzanforderungen).<\/p>\n<h3>Cookie-\u00dcbersicht<\/h3>\n<p>[cmplz-cookies]<\/p>\n","protected":false},"excerpt":{"rendered":"<p>Wer sind wir? Wir sind Maximus Resort, a.s., Firmen-ID: 269 65 437, mit Sitz in Hr\u00e1zn\u00ed 327\/4a, Kn\u00edni\u010dky, 635 00 Brno, eingetragen im Handelsregister beim Regionalgericht in Br\u00fcnn, Abteilung B, Einlage 4332. Unsere Kontaktdaten: E-Mail: recepce@maximus-resort.cz Auf unserer Website www.maximus-resort.cz verwenden wir Cookies. Was sind Cookies? Cookies sind Textdateien, die unsere Website an Ihren Webbrowser [&hellip;]<\/p>\n","protected":false},"author":1,"featured_media":0,"parent":0,"menu_order":111,"comment_status":"closed","ping_status":"closed","template":"","meta":{"_acf_changed":false,"inline_featured_image":false,"footnotes":""},"class_list":["post-4315","page","type-page","status-publish","hentry"],"acf":[],"aioseo_notices":[],"_links":{"self":[{"href":"https:\/\/www.maximus-resort.cz\/de\/wp-json\/wp\/v2\/pages\/4315","targetHints":{"allow":["GET"]}}],"collection":[{"href":"https:\/\/www.maximus-resort.cz\/de\/wp-json\/wp\/v2\/pages"}],"about":[{"href":"https:\/\/www.maximus-resort.cz\/de\/wp-json\/wp\/v2\/types\/page"}],"author":[{"embeddable":true,"href":"https:\/\/www.maximus-resort.cz\/de\/wp-json\/wp\/v2\/users\/1"}],"replies":[{"embeddable":true,"href":"https:\/\/www.maximus-resort.cz\/de\/wp-json\/wp\/v2\/comments?post=4315"}],"version-history":[{"count":2,"href":"https:\/\/www.maximus-resort.cz\/de\/wp-json\/wp\/v2\/pages\/4315\/revisions"}],"predecessor-version":[{"id":4317,"href":"https:\/\/www.maximus-resort.cz\/de\/wp-json\/wp\/v2\/pages\/4315\/revisions\/4317"}],"wp:attachment":[{"href":"https:\/\/www.maximus-resort.cz\/de\/wp-json\/wp\/v2\/media?parent=4315"}],"curies":[{"name":"wp","href":"https:\/\/api.w.org\/{rel}","templated":true}]}}