{"id":4340,"date":"2025-10-22T09:10:20","date_gmt":"2025-10-22T07:10:20","guid":{"rendered":"https:\/\/www.maximus-resort.cz\/informace-o-hotelu\/"},"modified":"2025-10-22T09:25:33","modified_gmt":"2025-10-22T07:25:33","slug":"informationen-ueber-das-hotel","status":"publish","type":"page","link":"https:\/\/www.maximus-resort.cz\/de\/informationen-ueber-das-hotel\/","title":{"rendered":"Informationen \u00fcber das Hotel"},"content":{"rendered":"<p style=\"text-align: center;\">Das Hotel Maximus Resort liegt in der malerischen Landschaft des Waldgebiets Podkomorsk\u00e9 lesy, nur wenige Meter vom Br\u00fcnner Stausee und nur 20 Minuten vom Stadtzentrum Br\u00fcnns entfernt.<\/p>\n<h3 style=\"text-align: center;\">Rezeption<\/h3>\n<p style=\"text-align: center;\">Wir sind 24 Stunden am Tag erreichbar.<br \/>\nVon Ihrem Zimmer aus k\u00f6nnen Sie direkt die Nummer 777 anrufen.<\/p>\n<p style=\"text-align: center;\"><strong>CHECK-IN 15:00<\/strong><br \/>\n<strong>CHECK-OUT 11:00<\/strong><\/p>\n<p style=\"text-align: center;\">Sie m\u00fcssen sp\u00e4ter gehen? Darauf sind wir vorbereitet. Kontaktieren Sie einfach unsere Reservierungsabteilung oder die Rezeption.<\/p>\n<p style=\"text-align: center;\">Wenn 16 Uhr nicht ausreicht, k\u00f6nnen Sie gegen Aufpreis ein Zimmer zum vollen Preis f\u00fcr die n\u00e4chste Nacht buchen.<\/p>\n<hr \/>\n<h3 style=\"text-align: center;\">WLAN<\/h3>\n<p style=\"text-align: center;\">Das Netz Maximus steht Ihnen in unserem gesamten Hotel frei zur Verf\u00fcgung und ist passwortfrei.<\/p>\n<hr \/>\n<h3 style=\"text-align: center;\">Restaurant<\/h3>\n<p style=\"text-align: center;\">Das Fr\u00fchst\u00fcck wird den G\u00e4sten von 7.00 bis 10.00 Uhr serviert und ist im Zimmerpreis enthalten. Unsere K\u00f6che und Konditorinnen kreieren es mit frischen Zutaten. Egal, ob Sie S\u00fc\u00dfspeisen m\u00f6gen oder lieber herzhaft fr\u00fchst\u00fccken, wir bieten Ihnen eine gro\u00dfe Auswahl an frischem Obst und Gem\u00fcse, Eierspezialit\u00e4ten, Qualit\u00e4tsk\u00e4se und Aufschnitt, hausgemachten Aufstrichen, N\u00fcssen, Milchprodukten und anderen Leckereien f\u00fcr einen guten Start in den Tag.<\/p>\n<p style=\"text-align: center;\">Die Halbpension ist f\u00fcr 600 CZK\/Person\/Nacht erh\u00e4ltlich und kann zwischen 18:00 und 21:00 Uhr in Anspruch genommen werden.<\/p>\n<p style=\"text-align: center;\">Gegen eine Geb\u00fchr von 100 CZK pro Person bringen wir Ihnen gerne Essen oder Getr\u00e4nke auf Ihr Zimmer. Sie k\u00f6nnen direkt von Ihrem Zimmer aus die Nummer 172 anrufen.<\/p>\n<hr \/>\n<h3 style=\"text-align: center;\">Minibar<\/h3>\n<p style=\"text-align: center;\">Sie steht Ihnen zur freien Verf\u00fcgung, ist nicht im Zimmerpreis inbegriffen und wird bei der Abreise an der Rezeption Ihrem Verbrauch entsprechend bezahlt.<\/p>\n<hr \/>\n<h3 style=\"text-align: center;\">W\u00e4scherei<\/h3>\n<p style=\"text-align: center;\">W\u00e4sche, die Sie heute waschen wollen, muss bis sp\u00e4testens 10 Uhr abgeholt werden, damit sie am Nachmittag sauber und geb\u00fcgelt zur\u00fcckgegeben werden kann. Bitte benutzen Sie die Tasche und den W\u00e4schezettel, die Sie im Schrank finden, und melden Sie sich an der Rezeption, damit unsere Mitarbeiter Ihre W\u00e4sche so schnell wie m\u00f6glich abholen k\u00f6nnen. Wir bieten von Montag bis Freitag einen W\u00e4scheservice an.<\/p>\n<hr \/>\n<h3 style=\"text-align: center;\">Reinigung<\/h3>\n<p style=\"text-align: center;\">Unsere Zimmerm\u00e4dchen werden ihr Bestes tun, damit Sie sich w\u00e4hrend Ihres Aufenthalts so wohl und angenehm wie m\u00f6glich f\u00fchlen.<br \/>\nAlle Zimmer werden jeden Tag gereinigt. F\u00fcr spezielle Reinigungsw\u00fcnsche wenden Sie sich bitte an die Rezeption (Durchwahl 777).<\/p>\n<hr \/>\n<h3 style=\"text-align: center;\">Sports Activities<\/h3>\n<p style=\"text-align: center;\"><strong>\u00a0Scooter rental<br \/>\n<\/strong>Machen Sie Ihren Aufenthalt noch angenehmer und entdecken Sie die Sch\u00f6nheit der Umgebung unseres Hotels. Von Fr\u00fchling bis Herbst bieten wir Ihnen einen Verleih von Mountainbikes, E-Bikes und Motorrollern an. Unser Ausflugstipp ist zum Beispiel die Route um den Br\u00fcnner Stausee. Weitere Informationen an der Hotelrezeption, Tel. 777.<\/p>\n<p style=\"text-align: center;\"><strong>Nordic Walking<br \/>\n<\/strong>In der Umgebung unseres Hotels finden Sie viele sch\u00f6ne Orte, die einen Besuch wert sind. Leihen Sie sich unsere Nordic-Walking-St\u00f6cke an der Rezeption aus und probieren Sie eine neue Dimension des Gehens aus. Sie k\u00f6nnen zum Beispiel den Br\u00fcnner Stausee, die Burg Veve\u0159\u00ed, den Br\u00fcnner Zoo oder den Waldpark Holedn\u00e1 mit Wildschweinen, Damhirschen und Mufflons besuchen.<\/p>\n","protected":false},"excerpt":{"rendered":"<p>Das Hotel Maximus Resort liegt in der malerischen Landschaft des Waldgebiets Podkomorsk\u00e9 lesy, nur wenige Meter vom Br\u00fcnner Stausee und nur 20 Minuten vom Stadtzentrum Br\u00fcnns entfernt. Rezeption Wir sind 24 Stunden am Tag erreichbar. Von Ihrem Zimmer aus k\u00f6nnen Sie direkt die Nummer 777 anrufen. CHECK-IN 15:00 CHECK-OUT 11:00 Sie m\u00fcssen sp\u00e4ter gehen? Darauf [&hellip;]<\/p>\n","protected":false},"author":1,"featured_media":0,"parent":0,"menu_order":85,"comment_status":"closed","ping_status":"closed","template":"","meta":{"_acf_changed":false,"inline_featured_image":false,"footnotes":""},"class_list":["post-4340","page","type-page","status-publish","hentry"],"acf":[],"aioseo_notices":[],"_links":{"self":[{"href":"https:\/\/www.maximus-resort.cz\/de\/wp-json\/wp\/v2\/pages\/4340","targetHints":{"allow":["GET"]}}],"collection":[{"href":"https:\/\/www.maximus-resort.cz\/de\/wp-json\/wp\/v2\/pages"}],"about":[{"href":"https:\/\/www.maximus-resort.cz\/de\/wp-json\/wp\/v2\/types\/page"}],"author":[{"embeddable":true,"href":"https:\/\/www.maximus-resort.cz\/de\/wp-json\/wp\/v2\/users\/1"}],"replies":[{"embeddable":true,"href":"https:\/\/www.maximus-resort.cz\/de\/wp-json\/wp\/v2\/comments?post=4340"}],"version-history":[{"count":2,"href":"https:\/\/www.maximus-resort.cz\/de\/wp-json\/wp\/v2\/pages\/4340\/revisions"}],"predecessor-version":[{"id":4346,"href":"https:\/\/www.maximus-resort.cz\/de\/wp-json\/wp\/v2\/pages\/4340\/revisions\/4346"}],"wp:attachment":[{"href":"https:\/\/www.maximus-resort.cz\/de\/wp-json\/wp\/v2\/media?parent=4340"}],"curies":[{"name":"wp","href":"https:\/\/api.w.org\/{rel}","templated":true}]}}